{"id":146,"date":"2011-10-30T09:08:32","date_gmt":"2011-10-30T09:08:32","guid":{"rendered":"http:\/\/www.terapiehajduk.cz\/?page_id=146"},"modified":"2023-01-31T19:01:59","modified_gmt":"2023-01-31T19:01:59","slug":"kniha-2","status":"publish","type":"page","link":"https:\/\/www.terapiehajduk.cz\/?page_id=146","title":{"rendered":"Kniha"},"content":{"rendered":"<p>Jsem spoluatorem prvn\u00ed odborn\u00e9 publikace v oboru rodinn\u00fdch a systemick\u00fdch konstelac\u00ed v r\u00e1mci \u010desk\u00e9 a slovensk\u00e9 konstela\u010dn\u00ed sc\u00e9ny:<\/p>\n<p>\u010cern\u00fd, V., Hajduk, M.: Rodinn\u00e9 konstelace, psychoterapie a spiritualita, Computerpress, Brno 2011<\/p>\n<p><img decoding=\"async\" id=\"lightboxImage\" src=\"http:\/\/www.zdraviprokazdeho.cz\/img_katalog\/rodkon01_v.jpg\" alt=\"\" \/><\/p>\n<div>Systemick\u00e9 konstelace vypadaj\u00ed jednodu\u0161e, kdy\u017e je \u010dlov\u011bk za\u017eije \u2013 i jejich pravidla jsou jednoduch\u00e1. A p\u0159eci se v jejich magii skr\u00fdv\u00e1 s\u00edla a dosah, kter\u00e9 pot\u0159ebuj\u00ed podobnou zodpov\u011bdnost, uv\u011bdom\u011blost i dovednost jako siln\u00e1 motorka, sebev\u011bdom\u00fd h\u0159ebec anebo ostr\u00fd n\u016f\u017e. Terapeutk\u00e1m a terapeut\u016fm nab\u00edz\u00ed tato kniha v\u00edce uv\u011bdom\u011blosti o intervenc\u00edch a v\u00edce uv\u011bdom\u011bn\u00ed si sv\u00e9ho osobn\u00edho, vnit\u0159n\u00edho (lidsk\u00e9ho i pom\u00e1haj\u00edc\u00edho) postoje. \u010cten\u00e1\u0159i se dozv\u00ed, co by konstelace mohly b\u00fdt a co by lid\u00e9, kte\u0159\u00ed konstelace vedou, m\u011bli v\u011bd\u011bt nez\u00e1visle na tom, jestli l\u00e9\u010d\u00ed anebo \u0159e\u0161\u00ed organiza\u010dn\u00ed \u010di jin\u00e9 ot\u00e1zky nebo probl\u00e9my. Zn\u00e1m autory t\u00e9to knihy jako d\u016fsledn\u00e9 a uv\u011bdom\u011bl\u00e9 terapeuty \u2013 a tyto principy jsou v\u00fdrazn\u011b vn\u00edmateln\u00e9 i v t\u00e9to knize. L\u00edb\u00ed se mi tak\u00e9 kombinace kreativity a systematick\u00e9ho p\u0159\u00edstupu ke konstela\u010dn\u00edm dovednostem, co\u017e p\u0159edstavuje nejenom obohacen\u00ed literatury o systemick\u00fdch konstelac\u00edch, ale i u\u010debn\u00ed literatury jako takov\u00e9.<\/div>\n<div>MUDr. Ivan Verny<br \/>\npsychiatr a psychoterapeut, Z\u0171rich<\/div>\n<div>\u00a0<\/div>\n<div>P\u0159edev\u0161\u00edm v 21. stolet\u00ed nastal obrovsk\u00fd boom rodinn\u00fdch konstelac\u00ed a st\u00e1le v\u00edce psychoterapeut\u016f metodu za\u0159azuje do sv\u00e9ho \u201epraktick\u00e9ho reperto\u00e1ru\u201c. A chyb\u00ed jim samoz\u0159ejm\u011b odborn\u00e9 podklady. N\u00e1\u0161 titul p\u0159edstavuje v podstat\u011b prvn\u00ed dom\u00e1c\u00ed odbornou publikaci oboru systemick\u00fdch konstelac\u00ed. Je ur\u010den\u00fd jak pro odborn\u00edky z \u0159ad psychoterapeut\u016f, psycholog\u016f \u010di psychiatr\u016f, tak pro lektory konstelac\u00ed a v neposledn\u00ed \u0159ad\u011b i pro \u0161ir\u0161\u00ed ve\u0159ejnost, kter\u00e1 se chce hloub\u011bji pod\u00edvat do z\u00e1kulis\u00ed t\u00e9to metody.<\/div>\n<div>\u00a0<\/div>\n<div>D\u00edlo se z\u00e1rove\u0148 sna\u017e\u00ed o integraci na prvn\u00ed pohled nelehko slu\u010diteln\u00fdch oblast\u00ed, kter\u00e9 se ale v konstelac\u00edch vz\u00e1jemn\u011b prol\u00ednaj\u00ed, a to terapeutick\u00e9 a spiritu\u00e1ln\u00ed.Proch\u00e1z\u00edme krok za krokem metodu samotnou i jej\u00ed vztahy a n\u00e1vaznosti na dal\u0161\u00ed discipl\u00edny. Z\u00faro\u010dujeme vlastn\u00ed post\u0159ehy a zku\u0161enosti. J\u00e1dro titulu tvo\u0159\u00ed sch\u00e9mata um\u00edst\u011bn\u00e1 v\u017edy na prot\u011bj\u0161\u00ed stran\u011b od textu. \u010cten\u00e1\u0159 si tak m\u016f\u017ee snadno dan\u00e9 vztahy zapamatovat.<\/div>\n","protected":false},"excerpt":{"rendered":"<p>Jsem spoluatorem prvn\u00ed odborn\u00e9 publikace v oboru rodinn\u00fdch a systemick\u00fdch konstelac\u00ed v r\u00e1mci \u010desk\u00e9 a slovensk\u00e9 konstela\u010dn\u00ed sc\u00e9ny: \u010cern\u00fd, V., Hajduk, M.: Rodinn\u00e9 konstelace, psychoterapie a spiritualita, Computerpress, Brno 2011 Systemick\u00e9 konstelace vypadaj\u00ed jednodu\u0161e, kdy\u017e je \u010dlov\u011bk za\u017eije \u2013 i jejich pravidla jsou jednoduch\u00e1. A p\u0159eci se v jejich magii skr\u00fdv\u00e1 s\u00edla a dosah, kter\u00e9 [&hellip;]<\/p>\n","protected":false},"author":2,"featured_media":0,"parent":29,"menu_order":0,"comment_status":"closed","ping_status":"closed","template":"","meta":[],"_links":{"self":[{"href":"https:\/\/www.terapiehajduk.cz\/index.php?rest_route=\/wp\/v2\/pages\/146"}],"collection":[{"href":"https:\/\/www.terapiehajduk.cz\/index.php?rest_route=\/wp\/v2\/pages"}],"about":[{"href":"https:\/\/www.terapiehajduk.cz\/index.php?rest_route=\/wp\/v2\/types\/page"}],"author":[{"embeddable":true,"href":"https:\/\/www.terapiehajduk.cz\/index.php?rest_route=\/wp\/v2\/users\/2"}],"replies":[{"embeddable":true,"href":"https:\/\/www.terapiehajduk.cz\/index.php?rest_route=%2Fwp%2Fv2%2Fcomments&post=146"}],"version-history":[{"count":9,"href":"https:\/\/www.terapiehajduk.cz\/index.php?rest_route=\/wp\/v2\/pages\/146\/revisions"}],"predecessor-version":[{"id":162,"href":"https:\/\/www.terapiehajduk.cz\/index.php?rest_route=\/wp\/v2\/pages\/146\/revisions\/162"}],"up":[{"embeddable":true,"href":"https:\/\/www.terapiehajduk.cz\/index.php?rest_route=\/wp\/v2\/pages\/29"}],"wp:attachment":[{"href":"https:\/\/www.terapiehajduk.cz\/index.php?rest_route=%2Fwp%2Fv2%2Fmedia&parent=146"}],"curies":[{"name":"wp","href":"https:\/\/api.w.org\/{rel}","templated":true}]}}