{"id":18,"date":"2011-10-26T23:51:09","date_gmt":"2011-10-26T23:51:09","guid":{"rendered":"http:\/\/www.terapiehajduk.cz\/?page_id=18"},"modified":"2026-04-06T09:57:06","modified_gmt":"2026-04-06T09:57:06","slug":"cena","status":"publish","type":"page","link":"https:\/\/www.terapiehajduk.cz\/?page_id=18","title":{"rendered":"Cena"},"content":{"rendered":"<p style=\"padding-left: 40px;\"><a href=\"https:\/\/www.terapiehajduk.cz\/?attachment_id=277\" rel=\"attachment wp-att-277\"><img decoding=\"async\" class=\"alignleft size-full wp-image-277\" title=\"green mandala\" src=\"https:\/\/www.terapiehajduk.cz\/wp-content\/uploads\/mandala-zelen\u00e1.bmp\" alt=\"\" \/><\/a>Cena za <strong>50 minutovou<\/strong> individu\u00e1ln\u00ed konzultaci je <strong>1500 korun<\/strong>, cena za 2 terapeutick\u00e9 hodiny najednou, tedy bez p\u0159est\u00e1vky<strong> (90 minut), je 3000 korun.<\/strong> Nejsem smluvn\u00edm partnerem \u017e\u00e1dn\u00e9 poji\u0161\u0165ovny. V\u00fdhodou p\u0159\u00edm\u00e9 platby je, \u017ee je zachov\u00e1na maxim\u00e1ln\u00ed diskr\u00e9tnost (\u017e\u00e1dn\u00e9 informace neopou\u0161t\u00ed mou ambulanci, \u017e\u00e1dn\u00e9 z\u00e1znamy pro poji\u0161\u0165ovnu),\u00a0 a tak\u00e9 se V\u00e1m nestane, \u017ee pokud se spole\u010dn\u011b domluv\u00edme na sezen\u00ed, tak dal\u0161\u00ed V\u00e1m nab\u00eddnu a\u017e za m\u011bs\u00edc s vysv\u011btlen\u00edm, \u017ee \u010dast\u011bji to poji\u0161\u0165ovna neuhrad\u00ed. Prosazuji systematickou a pravidelnou psychoterapii.<\/p>\n<p>Speci\u00e1ln\u00ed traumaterapeutick\u00e9 sezen\u00ed (EMDR + SE) v d\u00e9lce <strong>90 minut<\/strong> (2 terapeutick\u00e9 hodiny najednou) stoj\u00ed <strong>3000 korun.<\/strong><\/p>\n<p>P\u00e1rov\u00e9 poradenstv\u00ed a terapie trv\u00e1 <strong>90 minut<\/strong>, cena je <strong>3000 korun<\/strong>. Frekvence b\u00fdv\u00e1 v\u011bt\u0161inou jednou za 4 &#8211; 6 t\u00fddn\u016f a b\u011b\u017en\u011b sta\u010d\u00ed zhruba 3 sezen\u00ed pro dosa\u017een\u00ed zm\u011bny.<\/p>\n<p>Sezen\u00ed kraniosakr\u00e1ln\u00ed biodynamiky (psychoterapeutick\u00fd p\u0159edpohovor, vlastn\u00ed o\u0161et\u0159en\u00ed a popohovor) v d\u00e9lce <strong>90<\/strong> minut stoj\u00ed <strong>2800 korun<\/strong>.<\/p>\n<p style=\"text-align: left; padding-left: 80px;\">P\u0159\u00edplatek za nadstandard \u2013 sezen\u00ed ve ve\u010dern\u00edch hodin\u00e1ch <strong>po 17 h<\/strong> stoj\u00ed o 100 korun nav\u00edc <strong>(1600 k\u010d).<\/strong> Sezen\u00ed v\u00a0ciz\u00edm jazyce<strong> (Aj) stoj\u00ed 1800 korun<\/strong>. Video (online) sezen\u00ed (Whatsapp, Skype, Viber a jin\u00e9 aplikace) trv\u00e1 standardn\u00edch <strong>50 minut a stoj\u00ed 1500 korun<\/strong>. D\u00e1le nab\u00edz\u00edm supervizi rovn\u011b\u017e se zam\u011b\u0159en\u00edm na Gestalt modalitu pro Gestalt terapeuty a tak\u00e9 se specializuji na p\u0159\u00edmou a nep\u0159\u00edmou supervizi Rodinn\u00fdch a systemick\u00fdch konstelac\u00ed v d\u00e9lce <strong>50 minut a cen\u011b 15<\/strong><strong style=\"font-size: revert; color: initial;\">00 k\u010d<\/strong><span style=\"font-size: revert; color: initial;\">.<\/span><\/p>\n<p style=\"text-align: left;\">Individu\u00e1ln\u00ed konstelace trvaj\u00ed\u00a0 3 terapeutick\u00e9 hodiny <strong>(150minut) v cen\u011b 4500 K\u010d<\/strong> a jedn\u00e1 se zpravidla o jednor\u00e1zov\u00fd z\u00e1sah. U nov\u00fdch klient\u016f je pot\u0159eba po\u010d\u00edtat s vysv\u011btlen\u00edm techniky individu\u00e1ln\u00ed konstelace, tedy 15 minut del\u0161\u00ed sezen\u00ed<strong>. <\/strong><strong>\u00a0<\/strong>Bli\u017e\u0161\u00ed informace o individu\u00e1ln\u00edch konstelac\u00edch najdete <span style=\"color: #0000ff;\"><a title=\"Individu\u00e1ln\u00ed konstelace\" href=\"https:\/\/www.terapiehajduk.cz\/?page_id=483\"><span style=\"color: #0000ff;\">zde<\/span><\/a><\/span>.<\/p>\n<p>Klient hrad\u00ed konzultace hotov\u011b na m\u00edst\u011b nebo ve v\u00fdjime\u010dn\u00fdch p\u0159\u00edpadech na \u00fa\u010det.<\/p>\n<p><strong>Storno podm\u00ednky<\/strong><\/p>\n<p><strong>Klient m\u00e1 mo\u017enost bezplatn\u011b zru\u0161it sezen\u00ed do 12h (poledne) pracovn\u00edho dne, kter\u00fd p\u0159edch\u00e1z\u00ed domluven\u00e9mu sezen\u00ed.<\/strong> V p\u0159\u00edpad\u011b sezen\u00ed del\u0161\u00edch ne\u017e 1 terapeutick\u00e1 hodina, je pot\u0159eba realizovat <strong>ru\u0161en\u00ed 2 pracovn\u00ed dny p\u0159edem<\/strong> (rovn\u011b\u017e do poledne). Pokud se klient z jak\u00e9hokoliv d\u016fvodu neomluv\u00ed v\u00a0po\u017eadovan\u00e9m \u010dase, mus\u00ed uhradit celou sumu sezen\u00ed.<\/p>\n","protected":false},"excerpt":{"rendered":"<p>Cena za 50 minutovou individu\u00e1ln\u00ed konzultaci je 1500 korun, cena za 2 terapeutick\u00e9 hodiny najednou, tedy bez p\u0159est\u00e1vky (90 minut), je 3000 korun. Nejsem smluvn\u00edm partnerem \u017e\u00e1dn\u00e9 poji\u0161\u0165ovny. V\u00fdhodou p\u0159\u00edm\u00e9 platby je, \u017ee je zachov\u00e1na maxim\u00e1ln\u00ed diskr\u00e9tnost (\u017e\u00e1dn\u00e9 informace neopou\u0161t\u00ed mou ambulanci, \u017e\u00e1dn\u00e9 z\u00e1znamy pro poji\u0161\u0165ovnu),\u00a0 a tak\u00e9 se V\u00e1m nestane, \u017ee pokud se spole\u010dn\u011b [&hellip;]<\/p>\n","protected":false},"author":1,"featured_media":0,"parent":16,"menu_order":0,"comment_status":"closed","ping_status":"open","template":"","meta":[],"_links":{"self":[{"href":"https:\/\/www.terapiehajduk.cz\/index.php?rest_route=\/wp\/v2\/pages\/18"}],"collection":[{"href":"https:\/\/www.terapiehajduk.cz\/index.php?rest_route=\/wp\/v2\/pages"}],"about":[{"href":"https:\/\/www.terapiehajduk.cz\/index.php?rest_route=\/wp\/v2\/types\/page"}],"author":[{"embeddable":true,"href":"https:\/\/www.terapiehajduk.cz\/index.php?rest_route=\/wp\/v2\/users\/1"}],"replies":[{"embeddable":true,"href":"https:\/\/www.terapiehajduk.cz\/index.php?rest_route=%2Fwp%2Fv2%2Fcomments&post=18"}],"version-history":[{"count":71,"href":"https:\/\/www.terapiehajduk.cz\/index.php?rest_route=\/wp\/v2\/pages\/18\/revisions"}],"predecessor-version":[{"id":904,"href":"https:\/\/www.terapiehajduk.cz\/index.php?rest_route=\/wp\/v2\/pages\/18\/revisions\/904"}],"up":[{"embeddable":true,"href":"https:\/\/www.terapiehajduk.cz\/index.php?rest_route=\/wp\/v2\/pages\/16"}],"wp:attachment":[{"href":"https:\/\/www.terapiehajduk.cz\/index.php?rest_route=%2Fwp%2Fv2%2Fmedia&parent=18"}],"curies":[{"name":"wp","href":"https:\/\/api.w.org\/{rel}","templated":true}]}}