{"id":29,"date":"2011-10-27T00:04:25","date_gmt":"2011-10-27T00:04:25","guid":{"rendered":"http:\/\/www.terapiehajduk.cz\/?page_id=29"},"modified":"2023-01-31T19:01:58","modified_gmt":"2023-01-31T19:01:58","slug":"rodinne-a-systemicke-konstelace","status":"publish","type":"page","link":"https:\/\/www.terapiehajduk.cz\/?page_id=29","title":{"rendered":"Konstelace"},"content":{"rendered":"<p><a href=\"https:\/\/www.terapiehajduk.cz\/?attachment_id=301\" rel=\"attachment wp-att-301\"><img decoding=\"async\" loading=\"lazy\" class=\"alignleft size-medium wp-image-301\" title=\"mandala path\" src=\"https:\/\/www.terapiehajduk.cz\/wp-content\/uploads\/mandala-cesta-300x300.jpg\" alt=\"\" width=\"300\" height=\"300\" srcset=\"https:\/\/www.terapiehajduk.cz\/wp-content\/uploads\/mandala-cesta-300x300.jpg 300w, https:\/\/www.terapiehajduk.cz\/wp-content\/uploads\/mandala-cesta-150x150.jpg 150w, https:\/\/www.terapiehajduk.cz\/wp-content\/uploads\/mandala-cesta.jpg 504w\" sizes=\"(max-width: 300px) 100vw, 300px\" \/><\/a>Zakladatelem metody rodinn\u00fdch konstelac\u00ed je n\u011bmeck\u00fd psychoterapeut Bert Hellinger a p\u016fvodn\u011b ji vyvinul jako rodinn\u011b-terapeutickou metodu. U t\u00e9to metody ale nen\u00ed nutn\u00e1 p\u0159\u00edtomnost rodiny, proto\u017ee nam\u00edsto rodinn\u00fdch p\u0159\u00edslu\u0161n\u00edk\u016f se pracuje s vybran\u00fdmi z\u00e1stupci. V\u00fdhodou proto je, \u017ee se d\u00e1 pracovat s vnit\u0159n\u00edm obrazem rodiny klienta a jeho probl\u00e9m\u016f i tehdy, kdy jej\u00ed jednotliv\u00ed \u010dlenov\u00e9 nemaj\u00ed z\u00e1jem spolupracovat, d\u011bl\u00ed je velk\u00e1 prostorov\u00e1 vzd\u00e1lenost (nap\u0159. jeden \u010dlen \u017eije v Americe), anebo jsou u\u017e mrtv\u00ed. Mnoho na\u0161ich probl\u00e9m\u016f m\u00e1 ko\u0159eny v rodinn\u00e9m syst\u00e9mu, ve kter\u00e9m jsme vyr\u016fstali a kter\u00fd formoval n\u00e1\u0161 pohled na sv\u011bt a sebe sama. Tyto pohledy si pak vn\u00e1\u0161\u00edme do sou\u010dasn\u00fdch vztah\u016f a rodin. Krom\u011b rodiny jsme ka\u017ed\u00fd sou\u010d\u00e1st\u00ed r\u016fzn\u00fdch syst\u00e9m\u016f, nap\u0159. pracovn\u00edch kolektiv\u016f, z\u00e1jmov\u00fdch sdru\u017een\u00ed, jsme ob\u010dany st\u00e1tu atd. V posledn\u00ed dob\u011b u\u017e metoda konstelac\u00ed daleko p\u0159esahuje r\u00e1mec rodiny a nab\u00edz\u00ed tak mo\u017enost pracovat na partnersk\u00fdch a pracovn\u00edch vztaz\u00edch, na probl\u00e9mech v organizac\u00edch, na psychosomatick\u00fdch pot\u00ed\u017e\u00edch i v oblastech osobnostn\u00edho a spiritu\u00e1ln\u00edho v\u00fdvoje. Konstelace se v\u011bt\u0161inou realizuj\u00ed ve form\u011b semin\u00e1\u0159\u016f, n\u011bkdy i v individu\u00e1ln\u00ed praxi.<\/p>\n","protected":false},"excerpt":{"rendered":"<p>Zakladatelem metody rodinn\u00fdch konstelac\u00ed je n\u011bmeck\u00fd psychoterapeut Bert Hellinger a p\u016fvodn\u011b ji vyvinul jako rodinn\u011b-terapeutickou metodu. U t\u00e9to metody ale nen\u00ed nutn\u00e1 p\u0159\u00edtomnost rodiny, proto\u017ee nam\u00edsto rodinn\u00fdch p\u0159\u00edslu\u0161n\u00edk\u016f se pracuje s vybran\u00fdmi z\u00e1stupci. V\u00fdhodou proto je, \u017ee se d\u00e1 pracovat s vnit\u0159n\u00edm obrazem rodiny klienta a jeho probl\u00e9m\u016f i tehdy, kdy jej\u00ed jednotliv\u00ed \u010dlenov\u00e9 nemaj\u00ed [&hellip;]<\/p>\n","protected":false},"author":1,"featured_media":0,"parent":0,"menu_order":0,"comment_status":"closed","ping_status":"open","template":"","meta":[],"_links":{"self":[{"href":"https:\/\/www.terapiehajduk.cz\/index.php?rest_route=\/wp\/v2\/pages\/29"}],"collection":[{"href":"https:\/\/www.terapiehajduk.cz\/index.php?rest_route=\/wp\/v2\/pages"}],"about":[{"href":"https:\/\/www.terapiehajduk.cz\/index.php?rest_route=\/wp\/v2\/types\/page"}],"author":[{"embeddable":true,"href":"https:\/\/www.terapiehajduk.cz\/index.php?rest_route=\/wp\/v2\/users\/1"}],"replies":[{"embeddable":true,"href":"https:\/\/www.terapiehajduk.cz\/index.php?rest_route=%2Fwp%2Fv2%2Fcomments&post=29"}],"version-history":[{"count":11,"href":"https:\/\/www.terapiehajduk.cz\/index.php?rest_route=\/wp\/v2\/pages\/29\/revisions"}],"predecessor-version":[{"id":344,"href":"https:\/\/www.terapiehajduk.cz\/index.php?rest_route=\/wp\/v2\/pages\/29\/revisions\/344"}],"wp:attachment":[{"href":"https:\/\/www.terapiehajduk.cz\/index.php?rest_route=%2Fwp%2Fv2%2Fmedia&parent=29"}],"curies":[{"name":"wp","href":"https:\/\/api.w.org\/{rel}","templated":true}]}}