{"id":31,"date":"2011-10-27T00:05:09","date_gmt":"2011-10-27T00:05:09","guid":{"rendered":"http:\/\/www.terapiehajduk.cz\/?page_id=31"},"modified":"2023-01-31T19:01:59","modified_gmt":"2023-01-31T19:01:59","slug":"jak-se-konstelace-delaji","status":"publish","type":"page","link":"https:\/\/www.terapiehajduk.cz\/?page_id=31","title":{"rendered":"Jak se konstelace d\u011blaj\u00ed"},"content":{"rendered":"<p><a href=\"https:\/\/www.terapiehajduk.cz\/?attachment_id=315\" rel=\"attachment wp-att-315\"><img decoding=\"async\" loading=\"lazy\" class=\"alignleft size-full wp-image-315\" title=\"mantra orange mandala\" src=\"https:\/\/www.terapiehajduk.cz\/wp-content\/uploads\/mandala-sanskrt.jpg\" alt=\"\" width=\"227\" height=\"222\" srcset=\"https:\/\/www.terapiehajduk.cz\/wp-content\/uploads\/mandala-sanskrt.jpg 227w, https:\/\/www.terapiehajduk.cz\/wp-content\/uploads\/mandala-sanskrt-150x146.jpg 150w\" sizes=\"(max-width: 227px) 100vw, 227px\" \/><\/a>V \u00favodn\u00edm pohovoru s terapeutem si kr\u00e1tce proberete probl\u00e9m, se kter\u00fdm p\u0159ich\u00e1z\u00edte, domluv\u00edte se na c\u00edlech, kter\u00fdch byste d\u00edky konstelaci cht\u011bli dos\u00e1hnout a tak\u00e9 si ujasn\u00edte, jestli chcete postavit Va\u0161i p\u016fvodn\u00ed rodinu, do kter\u00e9 jste se narodili, Va\u0161i sou\u010dasnou rodinu s partnery a d\u011btmi, V\u00e1\u0161 t\u011blesn\u00fd, nebo psychick\u00fd p\u0159\u00edznak (nap\u0159. bolest hlavy), nebo pracovn\u00ed syst\u00e9m, pokud m\u00e1te pot\u00ed\u017ee v pr\u00e1ci. Na za\u010d\u00e1tku konstelace si z \u00fa\u010dastn\u00edk\u016f semin\u00e1\u0159e vyberete z\u00e1stupce pro d\u016fle\u017eit\u00e9 \u010dleny sv\u00e9ho syst\u00e9mu, tj. rodi\u010de a sourozence z p\u016fvodn\u00ed rodiny, pop\u0159\u00edpad\u011b partnera a d\u011bti ze sou\u010dasn\u00e9 rodiny, anebo kolegy, nad\u0159\u00edzen\u00e9 a pod\u0159\u00edzen\u00e9 z pracovn\u00ed oblasti. Pak si vyberete z\u00e1stupce pro sebe, proto\u017ee klient se jen d\u00edv\u00e1, jak v\u0161e prob\u00edh\u00e1, ale vlastn\u00ed konstelace se ne\u00fa\u010dastn\u00ed. Nakonec v\u0161echny tyto z\u00e1stupce rozestav\u00edte v prostoru do vz\u00e1jemn\u00fdch pozic, tak jak to odpov\u00edd\u00e1 Va\u0161\u00ed vnit\u0159n\u00ed p\u0159edstav\u011b doty\u010dn\u00e9ho syst\u00e9mu, ale bez p\u0159edem promy\u0161len\u00e9ho pl\u00e1nu, sp\u00ed\u0161e dle aktu\u00e1ln\u00edho pocitu. Od okam\u017eiku, kdy z\u00e1stupci vstoup\u00ed do ur\u010den\u00fdch pozic, za\u010d\u00ednaj\u00ed se u nich projevovat charakteristick\u00e9 pocitov\u00e9 reakce. Tyto pro\u017eitky a slovn\u00ed projevy mnohdy odpov\u00eddaj\u00ed skute\u010dn\u00fdm pro\u017eitk\u016fm a postoj\u016fm \u010dlen\u016f klientovy rodiny nebo doty\u010dn\u00e9ho syst\u00e9mu. \u00dakolem terapeuta je pak pozorovat reakce z\u00e1stupc\u016f, podporovat p\u0159eskupov\u00e1n\u00ed jednotliv\u00fdch \u010dlen\u016f rodinn\u00e9ho, nebo pracovn\u00edho syst\u00e9mu, pom\u00e1hat jim hledat \u201espr\u00e1vn\u00e9 m\u00edsto\u201c a podporovat vyj\u00e1d\u0159en\u00ed v\u011bt, kter\u00e9 m\u011bn\u00ed vz\u00e1jemn\u00e9 vztahy a atmosf\u00e9ru, eventu\u00e1ln\u011b dopl\u0148ovat syst\u00e9m o chyb\u011bj\u00edc\u00ed \u010dleny. Kone\u010dn\u00fdm c\u00edlem je pak nal\u00e9zt takovou rovnov\u00e1hu syst\u00e9mu, ve kter\u00e9 se v\u0161ichni \u010dlenov\u00e9 c\u00edt\u00ed p\u0159im\u011b\u0159en\u011b dob\u0159e a kdy je napln\u011bn\u00e1 \u00favodn\u00ed zak\u00e1zka.<\/p>\n","protected":false},"excerpt":{"rendered":"<p>V \u00favodn\u00edm pohovoru s terapeutem si kr\u00e1tce proberete probl\u00e9m, se kter\u00fdm p\u0159ich\u00e1z\u00edte, domluv\u00edte se na c\u00edlech, kter\u00fdch byste d\u00edky konstelaci cht\u011bli dos\u00e1hnout a tak\u00e9 si ujasn\u00edte, jestli chcete postavit Va\u0161i p\u016fvodn\u00ed rodinu, do kter\u00e9 jste se narodili, Va\u0161i sou\u010dasnou rodinu s partnery a d\u011btmi, V\u00e1\u0161 t\u011blesn\u00fd, nebo psychick\u00fd p\u0159\u00edznak (nap\u0159. bolest hlavy), nebo pracovn\u00ed syst\u00e9m, [&hellip;]<\/p>\n","protected":false},"author":1,"featured_media":0,"parent":29,"menu_order":0,"comment_status":"closed","ping_status":"open","template":"","meta":[],"_links":{"self":[{"href":"https:\/\/www.terapiehajduk.cz\/index.php?rest_route=\/wp\/v2\/pages\/31"}],"collection":[{"href":"https:\/\/www.terapiehajduk.cz\/index.php?rest_route=\/wp\/v2\/pages"}],"about":[{"href":"https:\/\/www.terapiehajduk.cz\/index.php?rest_route=\/wp\/v2\/types\/page"}],"author":[{"embeddable":true,"href":"https:\/\/www.terapiehajduk.cz\/index.php?rest_route=\/wp\/v2\/users\/1"}],"replies":[{"embeddable":true,"href":"https:\/\/www.terapiehajduk.cz\/index.php?rest_route=%2Fwp%2Fv2%2Fcomments&post=31"}],"version-history":[{"count":13,"href":"https:\/\/www.terapiehajduk.cz\/index.php?rest_route=\/wp\/v2\/pages\/31\/revisions"}],"predecessor-version":[{"id":346,"href":"https:\/\/www.terapiehajduk.cz\/index.php?rest_route=\/wp\/v2\/pages\/31\/revisions\/346"}],"up":[{"embeddable":true,"href":"https:\/\/www.terapiehajduk.cz\/index.php?rest_route=\/wp\/v2\/pages\/29"}],"wp:attachment":[{"href":"https:\/\/www.terapiehajduk.cz\/index.php?rest_route=%2Fwp%2Fv2%2Fmedia&parent=31"}],"curies":[{"name":"wp","href":"https:\/\/api.w.org\/{rel}","templated":true}]}}