{"id":35,"date":"2011-10-27T00:06:31","date_gmt":"2011-10-27T00:06:31","guid":{"rendered":"http:\/\/www.terapiehajduk.cz\/?page_id=35"},"modified":"2023-09-06T06:25:21","modified_gmt":"2023-09-06T06:25:21","slug":"lektor","status":"publish","type":"page","link":"https:\/\/www.terapiehajduk.cz\/?page_id=35","title":{"rendered":"Lektor"},"content":{"rendered":"<p><a href=\"https:\/\/www.terapiehajduk.cz\/?attachment_id=320\" rel=\"attachment wp-att-320\"><img decoding=\"async\" loading=\"lazy\" class=\"alignleft size-full wp-image-320\" title=\"imandala svetlo-modr\u00e1\" src=\"https:\/\/www.terapiehajduk.cz\/wp-content\/uploads\/imandala-svetlo-modr\u00e1.jpg\" alt=\"\" width=\"163\" height=\"159\" srcset=\"https:\/\/www.terapiehajduk.cz\/wp-content\/uploads\/imandala-svetlo-modr\u00e1.jpg 163w, https:\/\/www.terapiehajduk.cz\/wp-content\/uploads\/imandala-svetlo-modr\u00e1-150x146.jpg 150w\" sizes=\"(max-width: 163px) 100vw, 163px\" \/><\/a>Jsem klinick\u00fd psycholog a psychoterapeut, certifikovan\u00fd lektor konstelac\u00ed s prax\u00ed od roku 2003, absolvent t\u0159\u00edlet\u00e9ho n\u00e1stavbov\u00e9ho v\u00fdcviku rodinn\u00fdch a systemick\u00fdch konstelac\u00ed (pod veden\u00edm Vern\u00e9ho, \u0160r\u00e1mov\u00e9 a Kone\u010dn\u00e9ho), hlavn\u00ed organiz\u00e1tor \u010desk\u00fdch systemick\u00fdch konferenc\u00ed, spoluautor jedin\u00e9 dom\u00e1c\u00ed odborn\u00e9 publikace s n\u00e1zvem Rodinn\u00e9 konstelace, psychoterapie a spiritualita (vydavatelstv\u00ed Computerpress, 2011) a posl\u00e9ze ve druh\u00e9m roz\u0161\u00ed\u0159en\u00e9m vyd\u00e1n\u00ed (vydavatelstv\u00ed M\u016fjmarket, 2021), b\u00fdval\u00fd letit\u00fd prezident \u010cesk\u00e9 asociace systemick\u00fdch konstelac\u00ed (\u010cASK) ( www.cask.cz ). Konstelace jsem vyu\u010doval a vyu\u010duji na v\u00fdcvic\u00edch u Jana B\u00edl\u00e9ho, Zde\u0148ky Tu\u0161kov\u00e9, Ivana Vern\u00e9ho a Zlaty \u0160ramov\u00e9 (kde jsem odborn\u00fdm garantem), d\u00e1le Zde\u0148ka \u0160t\u011bp\u00e1nka a na v\u00fdcviku Libora Zvol\u00e1nka.<\/p>\n<p style=\"padding-left: 40px;\">Vedu tak\u00e9 n\u00e1stavbov\u00fd konstela\u010dn\u00ed v\u00fdcvik pokro\u010dil\u00fdch technik a strategi\u00ed.<\/p>\n","protected":false},"excerpt":{"rendered":"<p>Jsem klinick\u00fd psycholog a psychoterapeut, certifikovan\u00fd lektor konstelac\u00ed s prax\u00ed od roku 2003, absolvent t\u0159\u00edlet\u00e9ho n\u00e1stavbov\u00e9ho v\u00fdcviku rodinn\u00fdch a systemick\u00fdch konstelac\u00ed (pod veden\u00edm Vern\u00e9ho, \u0160r\u00e1mov\u00e9 a Kone\u010dn\u00e9ho), hlavn\u00ed organiz\u00e1tor \u010desk\u00fdch systemick\u00fdch konferenc\u00ed, spoluautor jedin\u00e9 dom\u00e1c\u00ed odborn\u00e9 publikace s n\u00e1zvem Rodinn\u00e9 konstelace, psychoterapie a spiritualita (vydavatelstv\u00ed Computerpress, 2011) a posl\u00e9ze ve druh\u00e9m roz\u0161\u00ed\u0159en\u00e9m vyd\u00e1n\u00ed (vydavatelstv\u00ed M\u016fjmarket, [&hellip;]<\/p>\n","protected":false},"author":1,"featured_media":0,"parent":29,"menu_order":0,"comment_status":"closed","ping_status":"open","template":"","meta":[],"_links":{"self":[{"href":"https:\/\/www.terapiehajduk.cz\/index.php?rest_route=\/wp\/v2\/pages\/35"}],"collection":[{"href":"https:\/\/www.terapiehajduk.cz\/index.php?rest_route=\/wp\/v2\/pages"}],"about":[{"href":"https:\/\/www.terapiehajduk.cz\/index.php?rest_route=\/wp\/v2\/types\/page"}],"author":[{"embeddable":true,"href":"https:\/\/www.terapiehajduk.cz\/index.php?rest_route=\/wp\/v2\/users\/1"}],"replies":[{"embeddable":true,"href":"https:\/\/www.terapiehajduk.cz\/index.php?rest_route=%2Fwp%2Fv2%2Fcomments&post=35"}],"version-history":[{"count":10,"href":"https:\/\/www.terapiehajduk.cz\/index.php?rest_route=\/wp\/v2\/pages\/35\/revisions"}],"predecessor-version":[{"id":812,"href":"https:\/\/www.terapiehajduk.cz\/index.php?rest_route=\/wp\/v2\/pages\/35\/revisions\/812"}],"up":[{"embeddable":true,"href":"https:\/\/www.terapiehajduk.cz\/index.php?rest_route=\/wp\/v2\/pages\/29"}],"wp:attachment":[{"href":"https:\/\/www.terapiehajduk.cz\/index.php?rest_route=%2Fwp%2Fv2%2Fmedia&parent=35"}],"curies":[{"name":"wp","href":"https:\/\/api.w.org\/{rel}","templated":true}]}}