{"id":39,"date":"2011-10-27T00:07:25","date_gmt":"2011-10-27T00:07:25","guid":{"rendered":"http:\/\/www.terapiehajduk.cz\/?page_id=39"},"modified":"2026-03-12T16:35:14","modified_gmt":"2026-03-12T16:35:14","slug":"cena","status":"publish","type":"page","link":"https:\/\/www.terapiehajduk.cz\/?page_id=39","title":{"rendered":"Cena"},"content":{"rendered":"<p><a href=\"https:\/\/www.terapiehajduk.cz\/?attachment_id=323\" rel=\"attachment wp-att-323\"><img decoding=\"async\" loading=\"lazy\" class=\"alignleft size-full wp-image-323\" title=\"mandala-srdce2\" src=\"https:\/\/www.terapiehajduk.cz\/wp-content\/uploads\/mandala-srdce21.jpg\" alt=\"\" width=\"225\" height=\"225\" srcset=\"https:\/\/www.terapiehajduk.cz\/wp-content\/uploads\/mandala-srdce21.jpg 225w, https:\/\/www.terapiehajduk.cz\/wp-content\/uploads\/mandala-srdce21-150x150.jpg 150w\" sizes=\"(max-width: 225px) 100vw, 225px\" \/><\/a>Cena za celodenn\u00ed \u00fa\u010dast \u00a0na semin\u00e1\u0159i je 1800 korun. \u00da\u010dast negarantuje vlastn\u00ed konstelaci. Ze z\u00e1jemc\u016f se losuje. Podm\u00ednkou postaven\u00ed sv\u00e9 konstelace je absolvovat alespo\u0148 jedno individu\u00e1ln\u00ed sezen\u00ed v n\u00e1vaznosti na semin\u00e1\u0159 (50 minut za standardn\u00ed cenu 1500 korun)<\/p>\n<p style=\"text-align: right;\">Cena za klasickou konstelaci v individu\u00e1ln\u00ed praxi v standardn\u00ed d\u00e9lce 150 minut (3 terapeutick\u00e9 hodiny) je <strong>4500 K\u010d<\/strong>. Pro nov\u00e9 klienty bez zku\u0161enosti s moj\u00ed technikou Individu\u00e1ln\u00edch konstelac\u00ed je \u010das sezen\u00ed prodlou\u017een o 15 minut z d\u016fvod\u016f uveden\u00ed do techniky.<\/p>\n<p><span style=\"color: #ff0000;\">Rovn\u011b\u017e jsem mnohokr\u00e1t \u00fasp\u011b\u0161n\u011b otestoval individu\u00e1ln\u00ed konstelace pr\u00e1v\u011b online formou, jako alternativu pro b\u011b\u017en\u00e9 osobn\u00ed setk\u00e1n\u00ed, hlavn\u011b pro vzd\u00e1len\u00e9 klienty. Na \u00farovni uv\u011bdom\u011bn\u00ed, pro\u017eitk\u016f a vlivu ne energetickou rovinu nen\u00ed znateln\u00fd rozd\u00edl mezi ob\u011bma formami. Podm\u00ednkou pro online formu je p\u0159edchoz\u00ed zku\u0161enost s konstelacemi, ide\u00e1ln\u011b s formou individu\u00e1ln\u00ed konstelace v \u017eiv\u00e9 podob\u011b.\u00a0<\/span><\/p>\n","protected":false},"excerpt":{"rendered":"<p>Cena za celodenn\u00ed \u00fa\u010dast \u00a0na semin\u00e1\u0159i je 1800 korun. \u00da\u010dast negarantuje vlastn\u00ed konstelaci. Ze z\u00e1jemc\u016f se losuje. Podm\u00ednkou postaven\u00ed sv\u00e9 konstelace je absolvovat alespo\u0148 jedno individu\u00e1ln\u00ed sezen\u00ed v n\u00e1vaznosti na semin\u00e1\u0159 (50 minut za standardn\u00ed cenu 1500 korun) Cena za klasickou konstelaci v individu\u00e1ln\u00ed praxi v standardn\u00ed d\u00e9lce 150 minut (3 terapeutick\u00e9 hodiny) je 4500 [&hellip;]<\/p>\n","protected":false},"author":1,"featured_media":0,"parent":29,"menu_order":0,"comment_status":"closed","ping_status":"open","template":"","meta":[],"_links":{"self":[{"href":"https:\/\/www.terapiehajduk.cz\/index.php?rest_route=\/wp\/v2\/pages\/39"}],"collection":[{"href":"https:\/\/www.terapiehajduk.cz\/index.php?rest_route=\/wp\/v2\/pages"}],"about":[{"href":"https:\/\/www.terapiehajduk.cz\/index.php?rest_route=\/wp\/v2\/types\/page"}],"author":[{"embeddable":true,"href":"https:\/\/www.terapiehajduk.cz\/index.php?rest_route=\/wp\/v2\/users\/1"}],"replies":[{"embeddable":true,"href":"https:\/\/www.terapiehajduk.cz\/index.php?rest_route=%2Fwp%2Fv2%2Fcomments&post=39"}],"version-history":[{"count":28,"href":"https:\/\/www.terapiehajduk.cz\/index.php?rest_route=\/wp\/v2\/pages\/39\/revisions"}],"predecessor-version":[{"id":898,"href":"https:\/\/www.terapiehajduk.cz\/index.php?rest_route=\/wp\/v2\/pages\/39\/revisions\/898"}],"up":[{"embeddable":true,"href":"https:\/\/www.terapiehajduk.cz\/index.php?rest_route=\/wp\/v2\/pages\/29"}],"wp:attachment":[{"href":"https:\/\/www.terapiehajduk.cz\/index.php?rest_route=%2Fwp%2Fv2%2Fmedia&parent=39"}],"curies":[{"name":"wp","href":"https:\/\/api.w.org\/{rel}","templated":true}]}}