{"id":4,"date":"2011-10-26T23:19:15","date_gmt":"2011-10-26T23:19:15","guid":{"rendered":"http:\/\/www.terapiehajduk.cz\/?page_id=4"},"modified":"2023-01-31T19:02:00","modified_gmt":"2023-01-31T19:02:00","slug":"uvod","status":"publish","type":"page","link":"https:\/\/www.terapiehajduk.cz\/","title":{"rendered":"\u00davod"},"content":{"rendered":"<p><a href=\"https:\/\/www.terapiehajduk.cz\/?attachment_id=292\" rel=\"attachment wp-att-292\"><img decoding=\"async\" loading=\"lazy\" class=\"alignleft size-medium wp-image-292\" title=\"Orange Sunshine Mandala\" src=\"https:\/\/www.terapiehajduk.cz\/wp-content\/uploads\/mandala-\u010dervena1-300x300.jpg\" alt=\"\" width=\"300\" height=\"300\" srcset=\"https:\/\/www.terapiehajduk.cz\/wp-content\/uploads\/mandala-\u010dervena1-300x300.jpg 300w, https:\/\/www.terapiehajduk.cz\/wp-content\/uploads\/mandala-\u010dervena1-150x150.jpg 150w, https:\/\/www.terapiehajduk.cz\/wp-content\/uploads\/mandala-\u010dervena1.jpg 375w\" sizes=\"(max-width: 300px) 100vw, 300px\" \/><\/a>Ka\u017ed\u00fd z\u00a0n\u00e1s se n\u011bkdy ocitne v\u00a0situaci, kdy c\u00edt\u00ed, \u017ee nev\u00ed, jak d\u00e1l. C\u00edt\u00ed se zmaten\u00fd nebo jen p\u0159\u00edli\u0161 unaven\u00fd. Tehdy se pot\u0159ebuje zorientovat, z\u00edskat odstup, pot\u0159ebuje podporu, porozum\u011bn\u00ed. Pokud jste narazili na tyto str\u00e1nky, tak mo\u017en\u00e1 hled\u00e1te pr\u00e1v\u011b to. Mo\u017en\u00e1, \u017ee si z\u00e1rove\u0148 \u0159\u00edk\u00e1te, v\u017edy\u0165 tohle mi m\u016f\u017ee poskytnout i dobr\u00fd p\u0159\u00edtel, nebo p\u0159\u00edtelkyn\u011b. Kdy\u017e ale Va\u0161e t\u00ed\u017eiv\u00e1 situace trv\u00e1 del\u0161\u00ed dobu, objev\u00ed se ve V\u00e1s pocit, \u017ee je nechcete po\u0159\u00e1d zat\u011b\u017eovat, taky mohou m\u00edt svoje probl\u00e9my, n\u011bkdy nemaj\u00ed pr\u00e1v\u011b \u010das. A Vy si uv\u011bdom\u00edte, \u017ee byste p\u0159eci jen r\u00e1di mluvili s\u00a0n\u011bk\u00fdm nestrann\u00fdm, s\u00a0n\u011bk\u00fdm, kdo m\u00e1 zku\u0161enosti a ochotu V\u00e1s t\u00edmhle t\u011b\u017ek\u00fdm obdob\u00edm prov\u00e1zet. Nen\u00ed lehk\u00e9 zvednout telefon a objednat se. Mo\u017en\u00e1, \u017ee jste u\u017e m\u011bli navolen\u00e9 \u010d\u00edslo, ale v\u00a0posledn\u00ed chv\u00edli jste to zru\u0161ili. Objevuj\u00ed se ve V\u00e1s pochybnosti. M\u00e1m tohle pov\u00eddat \u00fapln\u011b ciz\u00edmu \u010dlov\u011bku? Bude mi schopen porozum\u011bt a pomoci? A tak si \u0159eknete, \u017ee je\u0161t\u011b po\u010dk\u00e1te. Ale \u010dekat tak\u00e9 m\u016f\u017ee znamenat, \u017ee Va\u0161e probl\u00e9my se je\u0161t\u011b prohloub\u00ed. \u010c\u00edm del\u0161\u00ed dobu stoj\u00edte na m\u00edst\u011b, t\u00edm t\u011b\u017e\u0161\u00ed je ud\u011blat krok. N\u011bkdy je lep\u0161\u00ed d\u00e1l moc nep\u0159em\u00fd\u0161let a vstoupit do proudu \u0159eky.<\/p>\n","protected":false},"excerpt":{"rendered":"<p>Ka\u017ed\u00fd z\u00a0n\u00e1s se n\u011bkdy ocitne v\u00a0situaci, kdy c\u00edt\u00ed, \u017ee nev\u00ed, jak d\u00e1l. C\u00edt\u00ed se zmaten\u00fd nebo jen p\u0159\u00edli\u0161 unaven\u00fd. Tehdy se pot\u0159ebuje zorientovat, z\u00edskat odstup, pot\u0159ebuje podporu, porozum\u011bn\u00ed. Pokud jste narazili na tyto str\u00e1nky, tak mo\u017en\u00e1 hled\u00e1te pr\u00e1v\u011b to. Mo\u017en\u00e1, \u017ee si z\u00e1rove\u0148 \u0159\u00edk\u00e1te, v\u017edy\u0165 tohle mi m\u016f\u017ee poskytnout i dobr\u00fd p\u0159\u00edtel, nebo p\u0159\u00edtelkyn\u011b. Kdy\u017e [&hellip;]<\/p>\n","protected":false},"author":1,"featured_media":0,"parent":0,"menu_order":0,"comment_status":"closed","ping_status":"open","template":"","meta":[],"_links":{"self":[{"href":"https:\/\/www.terapiehajduk.cz\/index.php?rest_route=\/wp\/v2\/pages\/4"}],"collection":[{"href":"https:\/\/www.terapiehajduk.cz\/index.php?rest_route=\/wp\/v2\/pages"}],"about":[{"href":"https:\/\/www.terapiehajduk.cz\/index.php?rest_route=\/wp\/v2\/types\/page"}],"author":[{"embeddable":true,"href":"https:\/\/www.terapiehajduk.cz\/index.php?rest_route=\/wp\/v2\/users\/1"}],"replies":[{"embeddable":true,"href":"https:\/\/www.terapiehajduk.cz\/index.php?rest_route=%2Fwp%2Fv2%2Fcomments&post=4"}],"version-history":[{"count":11,"href":"https:\/\/www.terapiehajduk.cz\/index.php?rest_route=\/wp\/v2\/pages\/4\/revisions"}],"predecessor-version":[{"id":336,"href":"https:\/\/www.terapiehajduk.cz\/index.php?rest_route=\/wp\/v2\/pages\/4\/revisions\/336"}],"wp:attachment":[{"href":"https:\/\/www.terapiehajduk.cz\/index.php?rest_route=%2Fwp%2Fv2%2Fmedia&parent=4"}],"curies":[{"name":"wp","href":"https:\/\/api.w.org\/{rel}","templated":true}]}}