{"id":483,"date":"2018-01-07T21:23:59","date_gmt":"2018-01-07T21:23:59","guid":{"rendered":"http:\/\/www.terapiehajduk.cz\/?page_id=483"},"modified":"2026-03-12T16:36:13","modified_gmt":"2026-03-12T16:36:13","slug":"individualni-konstelace","status":"publish","type":"page","link":"https:\/\/www.terapiehajduk.cz\/?page_id=483","title":{"rendered":"Individu\u00e1ln\u00ed konstelace"},"content":{"rendered":"<p style=\"text-align: justify;\"><a href=\"https:\/\/www.terapiehajduk.cz\/wp-content\/uploads\/Konstelace.jpg\"><img decoding=\"async\" loading=\"lazy\" class=\"alignleft wp-image-485\" src=\"https:\/\/www.terapiehajduk.cz\/wp-content\/uploads\/Konstelace-300x225.jpg\" alt=\"Konstelace\" width=\"293\" height=\"220\" srcset=\"https:\/\/www.terapiehajduk.cz\/wp-content\/uploads\/Konstelace-300x225.jpg 300w, https:\/\/www.terapiehajduk.cz\/wp-content\/uploads\/Konstelace-150x112.jpg 150w, https:\/\/www.terapiehajduk.cz\/wp-content\/uploads\/Konstelace-1024x768.jpg 1024w\" sizes=\"(max-width: 293px) 100vw, 293px\" \/><\/a>\u00a0 Individu\u00e1ln\u00ed konstelace jsou velmi \u00fa\u010dinnou alternativou skupinov\u00fdch konstelac\u00ed. Zp\u016fsob, kter\u00fd V\u00e1m nab\u00edz\u00edm, nen\u00ed standardn\u00ed formou individu\u00e1ln\u00edch konstelac\u00ed (alespo\u0148 t\u011bch, kter\u00e9 se b\u011b\u017en\u011b vyu\u010duj\u00ed na v\u00fdcvic\u00edch v \u010cR), ale vytvo\u0159il jsem jej v pr\u016fb\u011bhu mnoha let a odr\u00e1\u017e\u00ed moje bohat\u00e9 (23 let trvaj\u00edc\u00ed) konstela\u010dn\u00ed zku\u0161enosti. Pracuji s pou\u017eit\u00edm upraven\u00fdch pap\u00edr\u016f, na kter\u00fdch jsou napsan\u00e9 vybran\u00e9 role. Tyto pap\u00edry v po\u010d\u00e1tku konstelace rozestav\u00edte v prostoru a pot\u00e9 se s\u00e1m stav\u00edm do v\u0161ech t\u011bchto rol\u00ed. Vy jste tedy (aktivn\u00edm) pozorovatelem. Jsem v podstat\u011b v dvojroli, kdy konstelac\u00ed prov\u00e1z\u00edm a kdy v n\u00ed x-kr\u00e1t stoj\u00edm, co\u017e je pro mn\u011b energeticky n\u00e1ro\u010dn\u00fd \u00fakol, zvl\u00e1\u0161\u0165 kdy\u017e si uv\u011bdom\u00edme, \u017ee v dan\u00fdch rol\u00edch stoj\u00edm v pr\u016fb\u011bhu stav\u011bn\u00ed i 50 kr\u00e1t, n\u011bkdy a\u017e 70 kr\u00e1t, proto tak\u00e9 konstelace trv\u00e1 150 minut v jednom sezen\u00ed (3 terapeutick\u00e9 hodiny).\u00a0 Va\u0161\u00edm \u00fakolem bude nechat danou konstelaci na sebe p\u016fsobit, spole\u010dn\u011b hled\u00e1me vlivy z rodinn\u00e9ho syst\u00e9mu, pop\u0159\u00edpad\u011b nov\u011b se objevuj\u00edc\u00ed role. Pokud je individu\u00e1ln\u00ed konstelace dob\u0159e indikovan\u00e1 a dob\u0159e na\u010dasovan\u00e1, m\u016f\u017ee b\u00fdt \u00fa\u010dinek velmi v\u00fdrazn\u00fd, mnohdy se vyrovn\u00e1 i des\u00edtce hodin str\u00e1ven\u00fdch v b\u011b\u017en\u00e9 psychoterapii, co\u017e V\u00e1m tak\u00e9 m\u016f\u017ee u\u0161et\u0159it i dost pen\u011bz. Tato forma konstelace m\u00e1 ve srovn\u00e1n\u00ed se skupinov\u00fdm semin\u00e1\u0159em nespo\u010det v\u00fdhod. Je mnohem bezpe\u010dn\u011bj\u0161\u00ed, jeliko\u017e m\u00e1me mo\u017enost u\u017e v pr\u016fb\u011bhu konstelace zpracovat r\u016fzn\u00e9 zat\u011b\u017euj\u00edc\u00ed emoce a matouc\u00ed informace (toto nen\u00ed mo\u017en\u00e9 ve skupinov\u00e9 form\u011b a proto mnoho klient\u016f odch\u00e1z\u00ed ze semin\u00e1\u0159e zmaten\u00fdch, emo\u010dn\u011b zran\u011bn\u00fdch, dokonce retraumatizovan\u00fdch). M\u00edra intimity individu\u00e1ln\u00ed formy je nesrovnateln\u00e1 se skupinou, i vzhledem k tomu, \u017ee klient tady pracuje s\u00e1m\u00a0 jenom s terapeutem. Pracujeme najednou na n\u011bkolika \u00farovn\u00edch. V pr\u016fb\u011bhu pr\u00e1ce pochop\u00edte mno\u017estv\u00ed Va\u0161ich \u017eivotn\u00edch vzorc\u016f, zjist\u00edte jejich p\u016fvod (tedy nap\u0159. z \u010deho vznikly, anebo od koho jste je z rodinn\u00e9ho syst\u00e9mu p\u0159evzali), budete m\u00edt mo\u017enost za\u017e\u00edt hlubokou emocion\u00e1ln\u00ed \u00falevu. D\u00e1le doch\u00e1z\u00ed ke zm\u011bn\u011b na \u00farovni syst\u00e9mu (nap\u0159. v \u00farovni hierarchie, nebo v principu p\u0159\u00edslu\u0161nosti k syst\u00e9mu) a nakonec tak\u00e9 pracuji na \u00farovni energetick\u00e9 (r\u016fzn\u00e9 formy \u010di\u0161t\u011bn\u00ed star\u00fdch vzorc\u016f a vliv\u016f). Dopad konstelace n\u00e1sledn\u011b prob\u00edh\u00e1 a\u017e 6 m\u011bs\u00edc\u016f od realizace.<\/p>\n<p style=\"text-align: left;\">Individu\u00e1ln\u00ed konstelace stoj\u00ed 4500 korun (za 3 terapeutick\u00e9 hodiny) a jsou vhodn\u00e9 pro rodinn\u00fd t\u00e9mata, partnersk\u00fd t\u00e9mata, v\u010detn\u011b pr\u00e1ce s konceptem vnit\u0159n\u00edho mu\u017ee a \u017eeny, kter\u00fd je vhodn\u00fd na rozkryt\u00ed nev\u011bdom\u00fdch vzorc\u016f, blokuj\u00edc\u00edch schopnost navazovat funk\u010dn\u00ed partnersk\u00e9 vztahy, d\u00e1le pro pr\u00e1ci se symptomy a nemocemi ve form\u011b symptomov\u00e9 konstelace, nebo ve form\u011b jin\u00e9 abstraktn\u00ed konstelace. Mo\u017en\u00e1 je i p\u00e1rov\u00e1 konstelace, kdy jsou p\u0159\u00edtomn\u00ed oba partne\u0159i, p\u0159i\u010dem\u017e\u00a0 pracujeme na rodinn\u00fdch syst\u00e9mech obou dvou. Tento druh konstelace je nejn\u00e1ro\u010dn\u011bj\u0161\u00ed a trv\u00e1 a\u017e 4 terapeutick\u00e9 hodiny (200 minut). Konstelace je mo\u017en\u00e1 i v anglick\u00e9m jazyce s p\u0159\u00edplatkem 300 k<span style=\"font-size: revert; color: initial;\">orun za ka\u017edou terapeutickou hodinu.\u00a0 P\u0159\u00edpadn\u00e9 zru\u0161en\u00ed konstelace pak pros\u00edm u\u010di\u0148te do 12h (poledne) dva pracovn\u00ed dny p\u0159edch\u00e1zej\u00edc\u00ed konstela\u010dn\u00edmu sezen\u00ed, v opa\u010dn\u00e9m p\u0159\u00edpad\u011b m\u00e1m standard storna cel\u00e9 sumy. V r\u00e1mci p\u0159\u00edpravy na konstelaci V\u00e1m emailem pos\u00edl\u00e1m dotazn\u00edk z rodov\u00e9 minulosti (25 ot\u00e1zek, kter\u00e9 mapuj\u00ed rod z r\u016fzn\u00fdch \u00fahl\u016f) a 3 ot\u00e1zky na definici z\u00e1m\u011bru (sm\u011bru) konstelace. Tuto p\u0159\u00edpravu mi pak pos\u00edl\u00e1te zp\u00e1tky op\u011bt emailem, abychom \u0161et\u0159ili V\u00e1\u0161 \u010das a pen\u00edze. V p\u0159\u00edpad\u011b Va\u0161i pot\u0159eby jsem otev\u0159en\u00fd i p\u0159\u00edpravn\u00e9mu individu\u00e1ln\u00edmu setk\u00e1n\u00ed p\u0159ed vlastn\u00ed konstelaci, kde si m\u016f\u017eete ujasnit V\u00e1\u0161 z\u00e1m\u011br, jeliko\u017e ne ka\u017ed\u00fd m\u00e1 jasno v tom, co pot\u0159ebuje a kde je probl\u00e9m. Individu\u00e1ln\u00ed sezen\u00ed trv\u00e1 50 minut v b\u011b\u017en\u00e9 cen\u011b 1500 korun.<\/span><\/p>\n<p style=\"text-align: justify;\">\n","protected":false},"excerpt":{"rendered":"<p>\u00a0 Individu\u00e1ln\u00ed konstelace jsou velmi \u00fa\u010dinnou alternativou skupinov\u00fdch konstelac\u00ed. Zp\u016fsob, kter\u00fd V\u00e1m nab\u00edz\u00edm, nen\u00ed standardn\u00ed formou individu\u00e1ln\u00edch konstelac\u00ed (alespo\u0148 t\u011bch, kter\u00e9 se b\u011b\u017en\u011b vyu\u010duj\u00ed na v\u00fdcvic\u00edch v \u010cR), ale vytvo\u0159il jsem jej v pr\u016fb\u011bhu mnoha let a odr\u00e1\u017e\u00ed moje bohat\u00e9 (23 let trvaj\u00edc\u00ed) konstela\u010dn\u00ed zku\u0161enosti. Pracuji s pou\u017eit\u00edm upraven\u00fdch pap\u00edr\u016f, na kter\u00fdch jsou napsan\u00e9 vybran\u00e9 [&hellip;]<\/p>\n","protected":false},"author":2,"featured_media":0,"parent":29,"menu_order":0,"comment_status":"open","ping_status":"open","template":"","meta":[],"_links":{"self":[{"href":"https:\/\/www.terapiehajduk.cz\/index.php?rest_route=\/wp\/v2\/pages\/483"}],"collection":[{"href":"https:\/\/www.terapiehajduk.cz\/index.php?rest_route=\/wp\/v2\/pages"}],"about":[{"href":"https:\/\/www.terapiehajduk.cz\/index.php?rest_route=\/wp\/v2\/types\/page"}],"author":[{"embeddable":true,"href":"https:\/\/www.terapiehajduk.cz\/index.php?rest_route=\/wp\/v2\/users\/2"}],"replies":[{"embeddable":true,"href":"https:\/\/www.terapiehajduk.cz\/index.php?rest_route=%2Fwp%2Fv2%2Fcomments&post=483"}],"version-history":[{"count":24,"href":"https:\/\/www.terapiehajduk.cz\/index.php?rest_route=\/wp\/v2\/pages\/483\/revisions"}],"predecessor-version":[{"id":899,"href":"https:\/\/www.terapiehajduk.cz\/index.php?rest_route=\/wp\/v2\/pages\/483\/revisions\/899"}],"up":[{"embeddable":true,"href":"https:\/\/www.terapiehajduk.cz\/index.php?rest_route=\/wp\/v2\/pages\/29"}],"wp:attachment":[{"href":"https:\/\/www.terapiehajduk.cz\/index.php?rest_route=%2Fwp%2Fv2%2Fmedia&parent=483"}],"curies":[{"name":"wp","href":"https:\/\/api.w.org\/{rel}","templated":true}]}}