{"id":7,"date":"2011-10-26T23:22:27","date_gmt":"2011-10-26T23:22:27","guid":{"rendered":"http:\/\/www.terapiehajduk.cz\/?page_id=7"},"modified":"2023-06-08T06:20:52","modified_gmt":"2023-06-08T06:20:52","slug":"o-mne","status":"publish","type":"page","link":"https:\/\/www.terapiehajduk.cz\/?page_id=7","title":{"rendered":"O mn\u011b"},"content":{"rendered":"<p><a href=\"https:\/\/www.terapiehajduk.cz\/?attachment_id=261\" rel=\"attachment wp-att-261\"><img decoding=\"async\" loading=\"lazy\" class=\"alignleft size-medium wp-image-261\" title=\"Tibetan Yin-Yang Mandala\" src=\"https:\/\/www.terapiehajduk.cz\/wp-content\/uploads\/TibetanYinYangMandala-300x225.jpg\" alt=\"\" width=\"300\" height=\"225\" srcset=\"https:\/\/www.terapiehajduk.cz\/wp-content\/uploads\/TibetanYinYangMandala-300x225.jpg 300w, https:\/\/www.terapiehajduk.cz\/wp-content\/uploads\/TibetanYinYangMandala-150x112.jpg 150w, https:\/\/www.terapiehajduk.cz\/wp-content\/uploads\/TibetanYinYangMandala-100x75.jpg 100w, https:\/\/www.terapiehajduk.cz\/wp-content\/uploads\/TibetanYinYangMandala-198x149.jpg 198w, https:\/\/www.terapiehajduk.cz\/wp-content\/uploads\/TibetanYinYangMandala.jpg 800w\" sizes=\"(max-width: 300px) 100vw, 300px\" \/><\/a>Narodil jsem se v roce 1978. Jsem psycholog s klinick\u00fdm vzd\u011bl\u00e1n\u00edm i zku\u0161enostmi (roky praxe v psychiatrick\u00fdch \u00a0a psychoterapeutick\u00fdch za\u0159\u00edzen\u00edch) a z\u00e1rove\u0148 eklektick\u00fd psychoterapeut s 25 letou prax\u00ed (m\u00e1 k dispozici v\u011bt\u0161\u00ed mno\u017estv\u00ed p\u0159\u00edstup\u016f, dle vhodnosti pro dan\u00fd typ klienta a probl\u00e9m), kter\u00fd V\u00e1s vn\u00edm\u00e1 komplexn\u011b a hlavn\u011b lidsky, v\u010detn\u011b spiritu\u00e1ln\u00ed roviny. K tomu mi pom\u00e1h\u00e1 i praktikov\u00e1n\u00ed kundalin\u00ed mah\u00e1j\u00f3gy. Dos\u00e1hl jsem nejvy\u0161\u0161\u00edho praktick\u00e9ho vzd\u011bl\u00e1n\u00ed v psychoterapii z\u00edsk\u00e1n\u00edm Evropsk\u00e9ho certifik\u00e1tu psychoterapie (EAP), kter\u00fd v \u010cR vlastn\u00ed pouze n\u011bkolik des\u00edtek psychoterapeut\u016f, a v\u017edy se sna\u017e\u00edm ve sv\u00e9 profesn\u00ed \u010dinnosti nab\u00edzet co nejv\u011bt\u0161\u00ed kvalitu a profesionalitu.<\/p>\n<p><span style=\"color: #993300;\"><strong>Vzd\u011bl\u00e1n\u00ed<\/strong><\/span><\/p>\n<ul>\n<li>Jednooborov\u00e1 psychologie na filozofick\u00e9 fakult\u011b<\/li>\n<li>Rigor\u00f3zn\u00ed kon\u00e1n\u00ed a zkou\u0161ka &#8211; ud\u011blen titul PhDr.<\/li>\n<li>Atestace z\u00a0klinick\u00e9 psychologie (2005)<\/li>\n<li>Funk\u010dn\u00ed specializace z\u00a0psychoterapie (2006)<\/li>\n<li>Nositel evropsk\u00e9ho certifik\u00e1tu psychoterapie (EAP)<\/li>\n<li>Dosa\u017een mezin\u00e1rodn\u011b uzn\u00e1van\u00fd titul BCST (2022)<\/li>\n<\/ul>\n<p><span style=\"color: #993300;\"><strong>Absolvovan\u00e9 v\u00fdcviky<\/strong><\/span><\/p>\n<ul>\n<li>Dlouhodob\u00fd, akreditovan\u00fd komplexn\u00ed v\u00fdcvik v\u00a0gestalt terapii (5 let)<\/li>\n<li>N\u00e1stavbov\u00fd integrativn\u00ed v\u00fdcvik v\u00a0rodinn\u00fdch a systemick\u00fdch konstelac\u00edch (3 roky)<\/li>\n<li>V\u00fdcvik v\u00a0pr\u00e1ci s\u00a0traumaty metodou Somatic Sequencing (varianta Somatic experiencing) &#8211; (2 roky)<\/li>\n<li>Mezin\u00e1rodn\u011b certifikovan\u00fd v\u00fdcvik v pr\u00e1ci s traumaty metodou EMDR (1 rok)<\/li>\n<li>Mezin\u00e1rodn\u011b certifikovan\u00fd profesion\u00e1ln\u00ed v\u00fdcvik v biodynamick\u00e9 kraniosakr\u00e1ln\u00ed\u00a0terapii &#8211; (3 roky) (Bhadrena Tschumi Gemin a Kavi Alessandro Gemin) &#8211; ud\u011blen\u00a0 mezin\u00e1rodn\u011b uzn\u00e1van\u00fd titul BCST<\/li>\n<li>Mezin\u00e1rodn\u011b certifikovan\u00fd supervizorsk\u00fd v\u00fdcvik s preferenc\u00ed gestalt modality (2 roky) &#8211; dosa\u017eena kvalifikace supervizora<\/li>\n<li>32th Annual European Summer Residential Gestalt Therapy Training Program for Therapists provided by Gestalt Associates Training Los Angeles (2003)<\/li>\n<li>V\u00fdcvik v biodynamick\u00e9 body-psychoterapii pro profesion\u00e1ly (1,5 roku)<\/li>\n<li>Jednolet\u00fd v\u00fdcvik v\u00a0relaxa\u010dn\u00ed pr\u00e1ci s\u00a0t\u011blem a t\u011blovou symbolikou<\/li>\n<li>Jednolet\u00fd v\u00fdcvik v\u00a0hypn\u00f3ze a autogenn\u00edm tr\u00e9ninku<\/li>\n<li>Jednolet\u00fd diagnostick\u00fd v\u00fdcvik v\u00a0Roschachov\u011b metod\u011b<\/li>\n<li>V\u00fdcvik v katatymn\u011b imaginativn\u00ed psychoterapii (bez kolokvia) (8 let)<\/li>\n<li>Vzdel\u00e1v\u00e1n\u00ed v metod\u011b &#8222;Cesta&#8220; Brandon Bays &#8211; absolvovan\u00e9 semin\u00e1\u0159e:<\/li>\n<li>\n<ul>\n<li>Intenzivn\u00ed cesta &#8211; Emocion\u00e1ln\u00ed cesta; Fyzick\u00e1 cesta; Pokro\u010dil\u00e9 n\u00e1stroje<\/li>\n<li>V\u011bdom\u00e1 hojnost<\/li>\n<li>L\u00e9\u010den\u00ed v\u011bdomou komunikac\u00ed<\/li>\n<\/ul>\n<\/li>\n<li>Od roku 2020 jsem \u0161\u00e9ftren\u00e9rem a odborn\u00fdm garantem mezin\u00e1rodn\u00edho v\u00fdcviku rodinn\u00fdch a systemick\u00fdch konstelac\u00ed<\/li>\n<\/ul>\n<p>A zhruba dal\u0161\u00edch 50 odborn\u00fdch semin\u00e1\u0159\u016f s r\u016fzn\u00fdm zam\u011b\u0159en\u00edm (nap\u0159. pr\u00e1ce se sny,\u00a0se smyslem \u017eivota, bodyterapie, tane\u010dn\u00ed terapie\u00a0atd.)<\/p>\n<p>Vzhledem k\u00a0tomu, \u017ee vn\u00edm\u00e1m \u017eivot jako jeden velk\u00fd u\u010debn\u00ed proces, tak se nad\u00e1le vzd\u011bl\u00e1v\u00e1m. V sou\u010dasnosti jsem ve v\u00fdcviku:<\/p>\n<p><span style=\"color: #993300;\"><strong>\u00a0Praxe<\/strong><\/span><\/p>\n<ul>\n<li>Psychoterapeutick\u00e1 praxe na psychiatrick\u00e9 klinice v\u00a0Ko\u0161ic\u00edch (1998-2002)<\/li>\n<li>Psychiatrick\u00e1 l\u00e9\u010debna v\u00a0Opav\u011b (Psychoterapeutick\u00e9 odd\u011blen\u00ed pro \u017eeny s\u00a0psychotickou zku\u0161enost\u00ed a s\u00a0poruchami osobnosti) \u2013 klinick\u00fd psycholog (2002-2006)<\/li>\n<li>Soukrom\u00e9 psychiatrick\u00e9 a psychoterapeutick\u00e9 za\u0159\u00edzen\u00ed v\u00a0Praze \u2013 vedouc\u00ed klinick\u00fd psycholog (2006-2012)<\/li>\n<li>Soukrom\u00e1 praxe (2011-doposud)<\/li>\n<\/ul>\n<p><span style=\"color: #993300;\"><strong>\u010clenstv\u00ed v\u00a0profesn\u00edch organizac\u00edch<\/strong><\/span><\/p>\n<ul>\n<li>Evropsk\u00e1 asociace psychoterapie (EAP)<\/li>\n<li>Asociace klinick\u00fdch psycholog\u016f \u010cR (AKP)<\/li>\n<li>Slovensk\u00e1 psychoterapeutick\u00e1 spolo\u010dnos\u0165 (SPS)<\/li>\n<li>\u010cesk\u00e1 asociace systemick\u00fdch konstelac\u00ed \u2013 b\u00fdval\u00fd letit\u00fd prezident (\u010cASK)<\/li>\n<\/ul>\n","protected":false},"excerpt":{"rendered":"<p>Narodil jsem se v roce 1978. Jsem psycholog s klinick\u00fdm vzd\u011bl\u00e1n\u00edm i zku\u0161enostmi (roky praxe v psychiatrick\u00fdch \u00a0a psychoterapeutick\u00fdch za\u0159\u00edzen\u00edch) a z\u00e1rove\u0148 eklektick\u00fd psychoterapeut s 25 letou prax\u00ed (m\u00e1 k dispozici v\u011bt\u0161\u00ed mno\u017estv\u00ed p\u0159\u00edstup\u016f, dle vhodnosti pro dan\u00fd typ klienta a probl\u00e9m), kter\u00fd V\u00e1s vn\u00edm\u00e1 komplexn\u011b a hlavn\u011b lidsky, v\u010detn\u011b spiritu\u00e1ln\u00ed roviny. K tomu mi [&hellip;]<\/p>\n","protected":false},"author":1,"featured_media":0,"parent":0,"menu_order":0,"comment_status":"closed","ping_status":"open","template":"","meta":[],"_links":{"self":[{"href":"https:\/\/www.terapiehajduk.cz\/index.php?rest_route=\/wp\/v2\/pages\/7"}],"collection":[{"href":"https:\/\/www.terapiehajduk.cz\/index.php?rest_route=\/wp\/v2\/pages"}],"about":[{"href":"https:\/\/www.terapiehajduk.cz\/index.php?rest_route=\/wp\/v2\/types\/page"}],"author":[{"embeddable":true,"href":"https:\/\/www.terapiehajduk.cz\/index.php?rest_route=\/wp\/v2\/users\/1"}],"replies":[{"embeddable":true,"href":"https:\/\/www.terapiehajduk.cz\/index.php?rest_route=%2Fwp%2Fv2%2Fcomments&post=7"}],"version-history":[{"count":48,"href":"https:\/\/www.terapiehajduk.cz\/index.php?rest_route=\/wp\/v2\/pages\/7\/revisions"}],"predecessor-version":[{"id":788,"href":"https:\/\/www.terapiehajduk.cz\/index.php?rest_route=\/wp\/v2\/pages\/7\/revisions\/788"}],"wp:attachment":[{"href":"https:\/\/www.terapiehajduk.cz\/index.php?rest_route=%2Fwp%2Fv2%2Fmedia&parent=7"}],"curies":[{"name":"wp","href":"https:\/\/api.w.org\/{rel}","templated":true}]}}